{"id":28,"date":"2022-10-18T07:32:21","date_gmt":"2022-10-18T07:32:21","guid":{"rendered":"https:\/\/confeccionescyn.com\/?page_id=28"},"modified":"2022-10-20T13:26:52","modified_gmt":"2022-10-20T13:26:52","slug":"comunion","status":"publish","type":"page","link":"https:\/\/confeccionescyn.com\/?page_id=28","title":{"rendered":"Comuni\u00f3n"},"content":{"rendered":"\t\t<div data-elementor-type=\"wp-page\" data-elementor-id=\"28\" class=\"elementor elementor-28\">\n\t\t\t\t\t\t\t\t\t<section class=\"elementor-section elementor-top-section elementor-element elementor-element-20886cec elementor-section-full_width elementor-section-height-default elementor-section-height-default\" data-id=\"20886cec\" data-element_type=\"section\">\n\t\t\t\t\t\t<div class=\"elementor-container elementor-column-gap-default\">\n\t\t\t\t\t<div class=\"elementor-column elementor-col-100 elementor-top-column elementor-element elementor-element-651b1496\" data-id=\"651b1496\" data-element_type=\"column\">\n\t\t\t<div class=\"elementor-widget-wrap elementor-element-populated\">\n\t\t\t\t\t\t\t\t<div class=\"elementor-element elementor-element-7af4dbac elementor-widget elementor-widget-heading\" data-id=\"7af4dbac\" data-element_type=\"widget\" data-widget_type=\"heading.default\">\n\t\t\t\t<div class=\"elementor-widget-container\">\n\t\t\t<style>\/*! elementor - v3.7.8 - 02-10-2022 *\/\n.elementor-heading-title{padding:0;margin:0;line-height:1}.elementor-widget-heading .elementor-heading-title[class*=elementor-size-]>a{color:inherit;font-size:inherit;line-height:inherit}.elementor-widget-heading .elementor-heading-title.elementor-size-small{font-size:15px}.elementor-widget-heading .elementor-heading-title.elementor-size-medium{font-size:19px}.elementor-widget-heading .elementor-heading-title.elementor-size-large{font-size:29px}.elementor-widget-heading .elementor-heading-title.elementor-size-xl{font-size:39px}.elementor-widget-heading .elementor-heading-title.elementor-size-xxl{font-size:59px}<\/style><h1 class=\"elementor-heading-title elementor-size-default\">Trajes de comuni\u00f3n<\/h1>\t\t<\/div>\n\t\t\t\t<\/div>\n\t\t\t\t\t<\/div>\n\t\t<\/div>\n\t\t\t\t\t\t\t<\/div>\n\t\t<\/section>\n\t\t\t\t<section class=\"elementor-section elementor-top-section elementor-element elementor-element-4f2a76d elementor-section-boxed elementor-section-height-default elementor-section-height-default\" data-id=\"4f2a76d\" data-element_type=\"section\">\n\t\t\t\t\t\t<div class=\"elementor-container elementor-column-gap-default\">\n\t\t\t\t\t<div class=\"elementor-column elementor-col-100 elementor-top-column elementor-element elementor-element-3b54283\" data-id=\"3b54283\" data-element_type=\"column\">\n\t\t\t<div class=\"elementor-widget-wrap elementor-element-populated\">\n\t\t\t\t\t\t\t\t<div class=\"elementor-element elementor-element-389054b elementor-widget elementor-widget-foogallery\" data-id=\"389054b\" data-element_type=\"widget\" data-widget_type=\"foogallery.default\">\n\t\t\t\t<div class=\"elementor-widget-container\">\n\t\t\t<div class=\"foogallery foogallery-container foogallery-carousel foogallery-lightbox-foobox fg-carousel fg-light fg-border-thin fg-shadow-outline fg-loading-default fg-loaded-fade-in fg-caption-hover fg-hover-fade fg-hover-zoom fg-ready\" id=\"foogallery-gallery-188\" data-foogallery=\"{&quot;item&quot;:{&quot;showCaptionTitle&quot;:false,&quot;showCaptionDescription&quot;:true},&quot;lazy&quot;:true,&quot;template&quot;:{&quot;maxItems&quot;:7,&quot;scale&quot;:0.12,&quot;gutter&quot;:{&quot;min&quot;:-40,&quot;max&quot;:-20,&quot;unit&quot;:&quot;%&quot;},&quot;autoplay&quot;:{&quot;time&quot;:3,&quot;interaction&quot;:&quot;pause&quot;},&quot;centerOnClick&quot;:false}}\" >\r\n\t<button type=\"button\" class=\"fg-carousel-prev\"><\/button>\r\n\t<div class=\"fg-carousel-inner\">\r\n\t\t<div class=\"fg-carousel-center\"><\/div>\r\n\t\t<div class=\"fg-item fg-type-image fg-idle\"><figure class=\"fg-item-inner\"><a href=\"https:\/\/confeccionescyn.com\/wp-content\/uploads\/2022\/10\/4-1.jpg\" data-caption-desc=\"Descripci\u00f3n 1\" data-attachment-id=\"200\" class=\"fg-thumb\"><span class=\"fg-image-wrap\"><img fetchpriority=\"high\" decoding=\"async\" width=\"300\" height=\"450\" class=\"skip-lazy fg-image\" data-src-fg=\"https:\/\/confeccionescyn.com\/wp-content\/uploads\/cache\/2022\/10\/4-1\/2649131046.jpg\" src=\"data:image\/svg+xml,%3Csvg%20xmlns%3D%22http%3A%2F%2Fwww.w3.org%2F2000%2Fsvg%22%20width%3D%22300%22%20height%3D%22450%22%20viewBox%3D%220%200%20300%20450%22%3E%3C%2Fsvg%3E\" loading=\"eager\"><\/span><span class=\"fg-image-overlay\"><\/span><\/a><figcaption class=\"fg-caption\"><div class=\"fg-caption-inner\"><div class=\"fg-caption-desc\">Descripci\u00f3n 1<\/div><\/div><\/figcaption><\/figure><div class=\"fg-loader\"><\/div><\/div><div class=\"fg-item fg-type-image fg-idle\"><figure class=\"fg-item-inner\"><a href=\"https:\/\/confeccionescyn.com\/wp-content\/uploads\/2022\/10\/5-1.jpg\" data-caption-desc=\"Descripci\u00f3n 2\" data-attachment-id=\"201\" class=\"fg-thumb\"><span class=\"fg-image-wrap\"><img decoding=\"async\" width=\"300\" height=\"450\" class=\"skip-lazy fg-image\" data-src-fg=\"https:\/\/confeccionescyn.com\/wp-content\/uploads\/cache\/2022\/10\/5-1\/1929917808.jpg\" src=\"data:image\/svg+xml,%3Csvg%20xmlns%3D%22http%3A%2F%2Fwww.w3.org%2F2000%2Fsvg%22%20width%3D%22300%22%20height%3D%22450%22%20viewBox%3D%220%200%20300%20450%22%3E%3C%2Fsvg%3E\" loading=\"eager\"><\/span><span class=\"fg-image-overlay\"><\/span><\/a><figcaption class=\"fg-caption\"><div class=\"fg-caption-inner\"><div class=\"fg-caption-desc\">Descripci\u00f3n 2<\/div><\/div><\/figcaption><\/figure><div class=\"fg-loader\"><\/div><\/div><div class=\"fg-item fg-type-image fg-idle\"><figure class=\"fg-item-inner\"><a href=\"https:\/\/confeccionescyn.com\/wp-content\/uploads\/2022\/10\/6-1.jpg\" data-caption-desc=\"Descripci\u00f3n 6\" data-attachment-id=\"202\" class=\"fg-thumb\"><span class=\"fg-image-wrap\"><img decoding=\"async\" width=\"300\" height=\"450\" class=\"skip-lazy fg-image\" data-src-fg=\"https:\/\/confeccionescyn.com\/wp-content\/uploads\/cache\/2022\/10\/6-1\/866634271.jpg\" src=\"data:image\/svg+xml,%3Csvg%20xmlns%3D%22http%3A%2F%2Fwww.w3.org%2F2000%2Fsvg%22%20width%3D%22300%22%20height%3D%22450%22%20viewBox%3D%220%200%20300%20450%22%3E%3C%2Fsvg%3E\" loading=\"eager\"><\/span><span class=\"fg-image-overlay\"><\/span><\/a><figcaption class=\"fg-caption\"><div class=\"fg-caption-inner\"><div class=\"fg-caption-desc\">Descripci\u00f3n 6<\/div><\/div><\/figcaption><\/figure><div class=\"fg-loader\"><\/div><\/div><div class=\"fg-item fg-type-image fg-idle\"><figure class=\"fg-item-inner\"><a href=\"https:\/\/confeccionescyn.com\/wp-content\/uploads\/2022\/10\/7-1.jpg\" data-caption-desc=\"Descripci\u00f3n 7\" data-attachment-id=\"203\" class=\"fg-thumb\"><span class=\"fg-image-wrap\"><img decoding=\"async\" width=\"300\" height=\"450\" class=\"skip-lazy fg-image\" data-src-fg=\"https:\/\/confeccionescyn.com\/wp-content\/uploads\/cache\/2022\/10\/7-1\/3136134405.jpg\" src=\"data:image\/svg+xml,%3Csvg%20xmlns%3D%22http%3A%2F%2Fwww.w3.org%2F2000%2Fsvg%22%20width%3D%22300%22%20height%3D%22450%22%20viewBox%3D%220%200%20300%20450%22%3E%3C%2Fsvg%3E\" loading=\"eager\"><\/span><span class=\"fg-image-overlay\"><\/span><\/a><figcaption class=\"fg-caption\"><div class=\"fg-caption-inner\"><div class=\"fg-caption-desc\">Descripci\u00f3n 7<\/div><\/div><\/figcaption><\/figure><div class=\"fg-loader\"><\/div><\/div><div class=\"fg-item fg-type-image fg-idle\"><figure class=\"fg-item-inner\"><a href=\"https:\/\/confeccionescyn.com\/wp-content\/uploads\/2022\/10\/8-1.jpg\" data-caption-desc=\"Descripci\u00f3n 8\" data-attachment-id=\"204\" class=\"fg-thumb\"><span class=\"fg-image-wrap\"><img decoding=\"async\" width=\"300\" height=\"450\" class=\"skip-lazy fg-image\" data-src-fg=\"https:\/\/confeccionescyn.com\/wp-content\/uploads\/cache\/2022\/10\/8-1\/2704241717.jpg\" src=\"data:image\/svg+xml,%3Csvg%20xmlns%3D%22http%3A%2F%2Fwww.w3.org%2F2000%2Fsvg%22%20width%3D%22300%22%20height%3D%22450%22%20viewBox%3D%220%200%20300%20450%22%3E%3C%2Fsvg%3E\" loading=\"eager\"><\/span><span class=\"fg-image-overlay\"><\/span><\/a><figcaption class=\"fg-caption\"><div class=\"fg-caption-inner\"><div class=\"fg-caption-desc\">Descripci\u00f3n 8<\/div><\/div><\/figcaption><\/figure><div class=\"fg-loader\"><\/div><\/div><div class=\"fg-item fg-type-image fg-idle\"><figure class=\"fg-item-inner\"><a href=\"https:\/\/confeccionescyn.com\/wp-content\/uploads\/2022\/10\/9-1.jpg\" data-caption-desc=\"Descripci\u00f3n 9\" data-attachment-id=\"205\" class=\"fg-thumb\"><span class=\"fg-image-wrap\"><img decoding=\"async\" width=\"300\" height=\"450\" class=\"skip-lazy fg-image\" data-src-fg=\"https:\/\/confeccionescyn.com\/wp-content\/uploads\/cache\/2022\/10\/9-1\/677716783.jpg\" src=\"data:image\/svg+xml,%3Csvg%20xmlns%3D%22http%3A%2F%2Fwww.w3.org%2F2000%2Fsvg%22%20width%3D%22300%22%20height%3D%22450%22%20viewBox%3D%220%200%20300%20450%22%3E%3C%2Fsvg%3E\" loading=\"eager\"><\/span><span class=\"fg-image-overlay\"><\/span><\/a><figcaption class=\"fg-caption\"><div class=\"fg-caption-inner\"><div class=\"fg-caption-desc\">Descripci\u00f3n 9<\/div><\/div><\/figcaption><\/figure><div class=\"fg-loader\"><\/div><\/div><div class=\"fg-item fg-type-image fg-idle\"><figure class=\"fg-item-inner\"><a href=\"https:\/\/confeccionescyn.com\/wp-content\/uploads\/2022\/10\/10-1.jpg\" data-caption-desc=\"Descripci\u00f3n 10\" data-attachment-id=\"206\" class=\"fg-thumb\"><span class=\"fg-image-wrap\"><img decoding=\"async\" width=\"300\" height=\"450\" class=\"skip-lazy fg-image\" data-src-fg=\"https:\/\/confeccionescyn.com\/wp-content\/uploads\/cache\/2022\/10\/10-1\/1096247517.jpg\" src=\"data:image\/svg+xml,%3Csvg%20xmlns%3D%22http%3A%2F%2Fwww.w3.org%2F2000%2Fsvg%22%20width%3D%22300%22%20height%3D%22450%22%20viewBox%3D%220%200%20300%20450%22%3E%3C%2Fsvg%3E\" loading=\"eager\"><\/span><span class=\"fg-image-overlay\"><\/span><\/a><figcaption class=\"fg-caption\"><div class=\"fg-caption-inner\"><div class=\"fg-caption-desc\">Descripci\u00f3n 10<\/div><\/div><\/figcaption><\/figure><div class=\"fg-loader\"><\/div><\/div><div class=\"fg-item fg-type-image fg-idle\"><figure class=\"fg-item-inner\"><a href=\"https:\/\/confeccionescyn.com\/wp-content\/uploads\/2022\/10\/11-1.jpg\" data-caption-desc=\"Descripci\u00f3n 11\" data-attachment-id=\"207\" class=\"fg-thumb\"><span class=\"fg-image-wrap\"><img decoding=\"async\" width=\"300\" height=\"450\" class=\"skip-lazy fg-image\" data-src-fg=\"https:\/\/confeccionescyn.com\/wp-content\/uploads\/cache\/2022\/10\/11-1\/2465230606.jpg\" src=\"data:image\/svg+xml,%3Csvg%20xmlns%3D%22http%3A%2F%2Fwww.w3.org%2F2000%2Fsvg%22%20width%3D%22300%22%20height%3D%22450%22%20viewBox%3D%220%200%20300%20450%22%3E%3C%2Fsvg%3E\" loading=\"eager\"><\/span><span class=\"fg-image-overlay\"><\/span><\/a><figcaption class=\"fg-caption\"><div class=\"fg-caption-inner\"><div class=\"fg-caption-desc\">Descripci\u00f3n 11<\/div><\/div><\/figcaption><\/figure><div class=\"fg-loader\"><\/div><\/div><div class=\"fg-item fg-type-image fg-idle\"><figure class=\"fg-item-inner\"><a href=\"https:\/\/confeccionescyn.com\/wp-content\/uploads\/2022\/10\/12-1.jpg\" data-caption-desc=\"Descripci\u00f3n 12\" data-attachment-id=\"208\" class=\"fg-thumb\"><span class=\"fg-image-wrap\"><img decoding=\"async\" width=\"300\" height=\"450\" class=\"skip-lazy fg-image\" data-src-fg=\"https:\/\/confeccionescyn.com\/wp-content\/uploads\/cache\/2022\/10\/12-1\/4104631207.jpg\" src=\"data:image\/svg+xml,%3Csvg%20xmlns%3D%22http%3A%2F%2Fwww.w3.org%2F2000%2Fsvg%22%20width%3D%22300%22%20height%3D%22450%22%20viewBox%3D%220%200%20300%20450%22%3E%3C%2Fsvg%3E\" loading=\"eager\"><\/span><span class=\"fg-image-overlay\"><\/span><\/a><figcaption class=\"fg-caption\"><div class=\"fg-caption-inner\"><div class=\"fg-caption-desc\">Descripci\u00f3n 12<\/div><\/div><\/figcaption><\/figure><div class=\"fg-loader\"><\/div><\/div><div class=\"fg-item fg-type-image fg-idle\"><figure class=\"fg-item-inner\"><a href=\"https:\/\/confeccionescyn.com\/wp-content\/uploads\/2022\/10\/1-1.jpg\" data-caption-desc=\"Descripci\u00f3n 1\" data-attachment-id=\"209\" class=\"fg-thumb\"><span class=\"fg-image-wrap\"><img decoding=\"async\" width=\"300\" height=\"450\" class=\"skip-lazy fg-image\" data-src-fg=\"https:\/\/confeccionescyn.com\/wp-content\/uploads\/cache\/2022\/10\/1-1\/4164974760.jpg\" src=\"data:image\/svg+xml,%3Csvg%20xmlns%3D%22http%3A%2F%2Fwww.w3.org%2F2000%2Fsvg%22%20width%3D%22300%22%20height%3D%22450%22%20viewBox%3D%220%200%20300%20450%22%3E%3C%2Fsvg%3E\" loading=\"eager\"><\/span><span class=\"fg-image-overlay\"><\/span><\/a><figcaption class=\"fg-caption\"><div class=\"fg-caption-inner\"><div class=\"fg-caption-desc\">Descripci\u00f3n 1<\/div><\/div><\/figcaption><\/figure><div class=\"fg-loader\"><\/div><\/div><div class=\"fg-item fg-type-image fg-idle\"><figure class=\"fg-item-inner\"><a href=\"https:\/\/confeccionescyn.com\/wp-content\/uploads\/2022\/10\/2-1.jpg\" data-caption-desc=\"Descripci\u00f3n 2\" data-attachment-id=\"210\" class=\"fg-thumb\"><span class=\"fg-image-wrap\"><img decoding=\"async\" width=\"300\" height=\"450\" class=\"skip-lazy fg-image\" data-src-fg=\"https:\/\/confeccionescyn.com\/wp-content\/uploads\/cache\/2022\/10\/2-1\/3409542848.jpg\" src=\"data:image\/svg+xml,%3Csvg%20xmlns%3D%22http%3A%2F%2Fwww.w3.org%2F2000%2Fsvg%22%20width%3D%22300%22%20height%3D%22450%22%20viewBox%3D%220%200%20300%20450%22%3E%3C%2Fsvg%3E\" loading=\"eager\"><\/span><span class=\"fg-image-overlay\"><\/span><\/a><figcaption class=\"fg-caption\"><div class=\"fg-caption-inner\"><div class=\"fg-caption-desc\">Descripci\u00f3n 2<\/div><\/div><\/figcaption><\/figure><div class=\"fg-loader\"><\/div><\/div><div class=\"fg-item fg-type-image fg-idle\"><figure class=\"fg-item-inner\"><a href=\"https:\/\/confeccionescyn.com\/wp-content\/uploads\/2022\/10\/3-1.jpg\" data-caption-desc=\"Descripci\u00f3n 3\" data-attachment-id=\"211\" class=\"fg-thumb\"><span class=\"fg-image-wrap\"><img decoding=\"async\" width=\"300\" height=\"450\" class=\"skip-lazy fg-image\" data-src-fg=\"https:\/\/confeccionescyn.com\/wp-content\/uploads\/cache\/2022\/10\/3-1\/1114843610.jpg\" src=\"data:image\/svg+xml,%3Csvg%20xmlns%3D%22http%3A%2F%2Fwww.w3.org%2F2000%2Fsvg%22%20width%3D%22300%22%20height%3D%22450%22%20viewBox%3D%220%200%20300%20450%22%3E%3C%2Fsvg%3E\" loading=\"eager\"><\/span><span class=\"fg-image-overlay\"><\/span><\/a><figcaption class=\"fg-caption\"><div class=\"fg-caption-inner\"><div class=\"fg-caption-desc\">Descripci\u00f3n 3<\/div><\/div><\/figcaption><\/figure><div class=\"fg-loader\"><\/div><\/div>\t<\/div>\r\n\t<div class=\"fg-carousel-bottom\"><\/div>\r\n\t<div class=\"fg-carousel-progress\"><\/div>\r\n\t<button type=\"button\" class=\"fg-carousel-next\"><\/button>\r\n<\/div>\t\t<\/div>\n\t\t\t\t<\/div>\n\t\t\t\t\t<\/div>\n\t\t<\/div>\n\t\t\t\t\t\t\t<\/div>\n\t\t<\/section>\n\t\t\t\t\t\t\t<\/div>\n\t\t","protected":false},"excerpt":{"rendered":"<p>Trajes de comuni\u00f3n Descripci\u00f3n 1 Descripci\u00f3n 2 Descripci\u00f3n 6 Descripci\u00f3n 7 Descripci\u00f3n 8 Descripci\u00f3n 9 Descripci\u00f3n 10 Descripci\u00f3n 11 Descripci\u00f3n 12 Descripci\u00f3n 1 Descripci\u00f3n 2 Descripci\u00f3n 3<\/p>\n","protected":false},"author":1,"featured_media":0,"parent":0,"menu_order":0,"comment_status":"closed","ping_status":"closed","template":"elementor_header_footer","meta":{"footnotes":""},"class_list":["post-28","page","type-page","status-publish","hentry"],"_links":{"self":[{"href":"https:\/\/confeccionescyn.com\/index.php?rest_route=\/wp\/v2\/pages\/28","targetHints":{"allow":["GET"]}}],"collection":[{"href":"https:\/\/confeccionescyn.com\/index.php?rest_route=\/wp\/v2\/pages"}],"about":[{"href":"https:\/\/confeccionescyn.com\/index.php?rest_route=\/wp\/v2\/types\/page"}],"author":[{"embeddable":true,"href":"https:\/\/confeccionescyn.com\/index.php?rest_route=\/wp\/v2\/users\/1"}],"replies":[{"embeddable":true,"href":"https:\/\/confeccionescyn.com\/index.php?rest_route=%2Fwp%2Fv2%2Fcomments&post=28"}],"version-history":[{"count":42,"href":"https:\/\/confeccionescyn.com\/index.php?rest_route=\/wp\/v2\/pages\/28\/revisions"}],"predecessor-version":[{"id":259,"href":"https:\/\/confeccionescyn.com\/index.php?rest_route=\/wp\/v2\/pages\/28\/revisions\/259"}],"wp:attachment":[{"href":"https:\/\/confeccionescyn.com\/index.php?rest_route=%2Fwp%2Fv2%2Fmedia&parent=28"}],"curies":[{"name":"wp","href":"https:\/\/api.w.org\/{rel}","templated":true}]}}